{"id":13,"date":"2021-04-17T13:41:08","date_gmt":"2021-04-17T11:41:08","guid":{"rendered":"http:\/\/www.zwolbud.pl\/?page_id=13"},"modified":"2021-08-21T19:24:32","modified_gmt":"2021-08-21T17:24:32","slug":"strona-glowna","status":"publish","type":"page","link":"https:\/\/www.zwolbud.pl\/","title":{"rendered":"O firmie"},"content":{"rendered":"\n<div class=\"wp-block-image\"><figure class=\"aligncenter size-full\"><img loading=\"lazy\" decoding=\"async\" width=\"369\" height=\"327\" src=\"http:\/\/www.zwolbud.pl\/wp-content\/uploads\/2021\/08\/logo2.jpg\" alt=\"\" class=\"wp-image-267\" srcset=\"https:\/\/www.zwolbud.pl\/wp-content\/uploads\/2021\/08\/logo2.jpg 369w, https:\/\/www.zwolbud.pl\/wp-content\/uploads\/2021\/08\/logo2-300x266.jpg 300w\" sizes=\"auto, (max-width: 369px) 100vw, 369px\" \/><\/figure><\/div>\n\n\n\n<p>Firma ZWOLBUD poleca kompleksow\u0105 budow\u0119 dom\u00f3w od A do Z . <br>Posiadamy wiedza, do\u015bwiadczenie, profesjonalny sprz\u0119t, oraz wykwalifikowane ekipy budowlana . <br><br>Zajmujemy si\u0119 budowaniem nowoczesnych dom\u00f3w jednorodzinnych. <br>Przygotowane projekty realizujemy na terenie \u015al\u0105ska i nie tylko.<\/p>\n\n\n\n<p><br><br><br><strong>Zapraszamy r\u00f3wnie\u017c do kontaktu z naszymi partnerami biznesowymi<\/strong><br><\/p>\n\n\n\n<p class=\"has-luminous-vivid-amber-color has-text-color\"><strong>Niezale\u017cne biuro kredytowe \u0141ukasz Wyszy\u0144ski<\/strong><br><a href=\"https:\/\/www.facebook.com\/niezaleznebiurokredytowe\">https:\/\/www.facebook.com\/niezaleznebiurokredytowe<\/a><\/p>\n\n\n\n<p><br><\/p>\n","protected":false},"excerpt":{"rendered":"<p>Firma ZWOLBUD poleca kompleksow\u0105 budow\u0119 dom\u00f3w od A do Z . Posiadamy wiedza, do\u015bwiadczenie, profesjonalny sprz\u0119t, oraz wykwalifikowane ekipy budowlana . Zajmujemy si\u0119 budowaniem nowoczesnych dom\u00f3w jednorodzinnych. Przygotowane projekty realizujemy na terenie \u015al\u0105ska i nie tylko. Zapraszamy r\u00f3wnie\u017c do kontaktu z naszymi partnerami biznesowymi Niezale\u017cne biuro kredytowe \u0141ukasz Wyszy\u0144skihttps:\/\/www.facebook.com\/niezaleznebiurokredytowe<\/p>\n","protected":false},"author":1,"featured_media":254,"parent":0,"menu_order":0,"comment_status":"closed","ping_status":"closed","template":"","meta":{"footnotes":""},"class_list":["post-13","page","type-page","status-publish","has-post-thumbnail","hentry"],"_links":{"self":[{"href":"https:\/\/www.zwolbud.pl\/index.php\/wp-json\/wp\/v2\/pages\/13","targetHints":{"allow":["GET"]}}],"collection":[{"href":"https:\/\/www.zwolbud.pl\/index.php\/wp-json\/wp\/v2\/pages"}],"about":[{"href":"https:\/\/www.zwolbud.pl\/index.php\/wp-json\/wp\/v2\/types\/page"}],"author":[{"embeddable":true,"href":"https:\/\/www.zwolbud.pl\/index.php\/wp-json\/wp\/v2\/users\/1"}],"replies":[{"embeddable":true,"href":"https:\/\/www.zwolbud.pl\/index.php\/wp-json\/wp\/v2\/comments?post=13"}],"version-history":[{"count":18,"href":"https:\/\/www.zwolbud.pl\/index.php\/wp-json\/wp\/v2\/pages\/13\/revisions"}],"predecessor-version":[{"id":273,"href":"https:\/\/www.zwolbud.pl\/index.php\/wp-json\/wp\/v2\/pages\/13\/revisions\/273"}],"wp:featuredmedia":[{"embeddable":true,"href":"https:\/\/www.zwolbud.pl\/index.php\/wp-json\/wp\/v2\/media\/254"}],"wp:attachment":[{"href":"https:\/\/www.zwolbud.pl\/index.php\/wp-json\/wp\/v2\/media?parent=13"}],"curies":[{"name":"wp","href":"https:\/\/api.w.org\/{rel}","templated":true}]}}